{"id":341,"date":"2023-06-15T21:51:41","date_gmt":"2023-06-15T21:51:41","guid":{"rendered":"https:\/\/www.oneprod.com\/sample-page\/"},"modified":"2023-12-07T14:25:53","modified_gmt":"2023-12-07T14:25:53","slug":"pagina-principal","status":"publish","type":"page","link":"https:\/\/www.oneprod.com\/pt-br\/","title":{"rendered":"P\u00e1gina principal"},"content":{"rendered":"","protected":false},"excerpt":{"rendered":"","protected":false},"author":1,"featured_media":0,"parent":0,"menu_order":0,"comment_status":"closed","ping_status":"closed","template":"","meta":{"_acf_changed":false,"content-type":"","footnotes":""},"class_list":["post-341","page","type-page","status-publish","hentry"],"acf":[],"yoast_head":"<!-- This site is optimized with the Yoast SEO plugin v27.1.1 - https:\/\/yoast.com\/product\/yoast-seo-wordpress\/ -->\n<title>ONEPROD | Equipamentos e Servi\u00e7os de Manuten\u00e7\u00e3o Preditiva<\/title>\n<meta name=\"description\" content=\"A ONEPROD fornece equipamentos e servi\u00e7os de manuten\u00e7\u00e3o preditiva y solu\u00e7\u00f5es de aquisi\u00e7\u00e3o de dados aos atores dos setores industrial e de energia.\" \/>\n<meta name=\"robots\" content=\"index, follow, max-snippet:-1, max-image-preview:large, max-video-preview:-1\" \/>\n<link rel=\"canonical\" href=\"https:\/\/www.oneprod.com\/pt-br\/\" \/>\n<meta property=\"og:locale\" content=\"pt_BR\" \/>\n<meta property=\"og:type\" content=\"article\" \/>\n<meta property=\"og:title\" content=\"ONEPROD | Equipamentos e Servi\u00e7os de Manuten\u00e7\u00e3o Preditiva\" \/>\n<meta property=\"og:description\" content=\"A ONEPROD fornece equipamentos e servi\u00e7os de manuten\u00e7\u00e3o preditiva y solu\u00e7\u00f5es de aquisi\u00e7\u00e3o de dados aos atores dos setores industrial e de energia.\" \/>\n<meta property=\"og:url\" content=\"https:\/\/www.oneprod.com\/pt-br\/\" \/>\n<meta property=\"og:site_name\" content=\"OneProd\" \/>\n<meta property=\"article:modified_time\" content=\"2023-12-07T14:25:53+00:00\" \/>\n<meta name=\"twitter:card\" content=\"summary_large_image\" \/>\n<script type=\"application\/ld+json\" class=\"yoast-schema-graph\">{\"@context\":\"https:\/\/schema.org\",\"@graph\":[{\"@type\":\"WebPage\",\"@id\":\"https:\/\/www.oneprod.com\/pt-br\/\",\"url\":\"https:\/\/www.oneprod.com\/pt-br\/\",\"name\":\"ONEPROD | Equipamentos e Servi\u00e7os de Manuten\u00e7\u00e3o Preditiva\",\"isPartOf\":{\"@id\":\"https:\/\/www.oneprod.com\/pt-br\/#website\"},\"datePublished\":\"2023-06-15T21:51:41+00:00\",\"dateModified\":\"2023-12-07T14:25:53+00:00\",\"description\":\"A ONEPROD fornece equipamentos e servi\u00e7os de manuten\u00e7\u00e3o preditiva y solu\u00e7\u00f5es de aquisi\u00e7\u00e3o de dados aos atores dos setores industrial e de energia.\",\"breadcrumb\":{\"@id\":\"https:\/\/www.oneprod.com\/pt-br\/#breadcrumb\"},\"inLanguage\":\"pt-BR\",\"potentialAction\":[{\"@type\":\"ReadAction\",\"target\":[\"https:\/\/www.oneprod.com\/pt-br\/\"]}]},{\"@type\":\"BreadcrumbList\",\"@id\":\"https:\/\/www.oneprod.com\/pt-br\/#breadcrumb\",\"itemListElement\":[{\"@type\":\"ListItem\",\"position\":1,\"name\":\"Home\",\"item\":\"https:\/\/www.oneprod.com\/pt-br\/\"},{\"@type\":\"ListItem\",\"position\":2,\"name\":\"P\u00e1gina principal\"}]},{\"@type\":\"WebSite\",\"@id\":\"https:\/\/www.oneprod.com\/pt-br\/#website\",\"url\":\"https:\/\/www.oneprod.com\/pt-br\/\",\"name\":\"OneProd\",\"description\":\"\",\"publisher\":{\"@id\":\"https:\/\/www.oneprod.com\/pt-br\/#organization\"},\"potentialAction\":[{\"@type\":\"SearchAction\",\"target\":{\"@type\":\"EntryPoint\",\"urlTemplate\":\"https:\/\/www.oneprod.com\/pt-br\/?s={search_term_string}\"},\"query-input\":{\"@type\":\"PropertyValueSpecification\",\"valueRequired\":true,\"valueName\":\"search_term_string\"}}],\"inLanguage\":\"pt-BR\"},{\"@type\":\"Organization\",\"@id\":\"https:\/\/www.oneprod.com\/pt-br\/#organization\",\"name\":\"OneProd\",\"url\":\"https:\/\/www.oneprod.com\/pt-br\/\",\"logo\":{\"@type\":\"ImageObject\",\"inLanguage\":\"pt-BR\",\"@id\":\"https:\/\/www.oneprod.com\/pt-br\/#\/schema\/logo\/image\/\",\"url\":\"https:\/\/www.oneprod.com\/wp-content\/uploads\/sites\/4\/2023\/11\/logo-acoem.svg\",\"contentUrl\":\"https:\/\/www.oneprod.com\/wp-content\/uploads\/sites\/4\/2023\/11\/logo-acoem.svg\",\"width\":128,\"height\":30,\"caption\":\"OneProd\"},\"image\":{\"@id\":\"https:\/\/www.oneprod.com\/pt-br\/#\/schema\/logo\/image\/\"}}]}<\/script>\n<!-- \/ Yoast SEO plugin. -->","yoast_head_json":{"title":"ONEPROD | Equipamentos e Servi\u00e7os de Manuten\u00e7\u00e3o Preditiva","description":"A ONEPROD fornece equipamentos e servi\u00e7os de manuten\u00e7\u00e3o preditiva y solu\u00e7\u00f5es de aquisi\u00e7\u00e3o de dados aos atores dos setores industrial e de energia.","robots":{"index":"index","follow":"follow","max-snippet":"max-snippet:-1","max-image-preview":"max-image-preview:large","max-video-preview":"max-video-preview:-1"},"canonical":"https:\/\/www.oneprod.com\/pt-br\/","og_locale":"pt_BR","og_type":"article","og_title":"ONEPROD | Equipamentos e Servi\u00e7os de Manuten\u00e7\u00e3o Preditiva","og_description":"A ONEPROD fornece equipamentos e servi\u00e7os de manuten\u00e7\u00e3o preditiva y solu\u00e7\u00f5es de aquisi\u00e7\u00e3o de dados aos atores dos setores industrial e de energia.","og_url":"https:\/\/www.oneprod.com\/pt-br\/","og_site_name":"OneProd","article_modified_time":"2023-12-07T14:25:53+00:00","twitter_card":"summary_large_image","schema":{"@context":"https:\/\/schema.org","@graph":[{"@type":"WebPage","@id":"https:\/\/www.oneprod.com\/pt-br\/","url":"https:\/\/www.oneprod.com\/pt-br\/","name":"ONEPROD | Equipamentos e Servi\u00e7os de Manuten\u00e7\u00e3o Preditiva","isPartOf":{"@id":"https:\/\/www.oneprod.com\/pt-br\/#website"},"datePublished":"2023-06-15T21:51:41+00:00","dateModified":"2023-12-07T14:25:53+00:00","description":"A ONEPROD fornece equipamentos e servi\u00e7os de manuten\u00e7\u00e3o preditiva y solu\u00e7\u00f5es de aquisi\u00e7\u00e3o de dados aos atores dos setores industrial e de energia.","breadcrumb":{"@id":"https:\/\/www.oneprod.com\/pt-br\/#breadcrumb"},"inLanguage":"pt-BR","potentialAction":[{"@type":"ReadAction","target":["https:\/\/www.oneprod.com\/pt-br\/"]}]},{"@type":"BreadcrumbList","@id":"https:\/\/www.oneprod.com\/pt-br\/#breadcrumb","itemListElement":[{"@type":"ListItem","position":1,"name":"Home","item":"https:\/\/www.oneprod.com\/pt-br\/"},{"@type":"ListItem","position":2,"name":"P\u00e1gina principal"}]},{"@type":"WebSite","@id":"https:\/\/www.oneprod.com\/pt-br\/#website","url":"https:\/\/www.oneprod.com\/pt-br\/","name":"OneProd","description":"","publisher":{"@id":"https:\/\/www.oneprod.com\/pt-br\/#organization"},"potentialAction":[{"@type":"SearchAction","target":{"@type":"EntryPoint","urlTemplate":"https:\/\/www.oneprod.com\/pt-br\/?s={search_term_string}"},"query-input":{"@type":"PropertyValueSpecification","valueRequired":true,"valueName":"search_term_string"}}],"inLanguage":"pt-BR"},{"@type":"Organization","@id":"https:\/\/www.oneprod.com\/pt-br\/#organization","name":"OneProd","url":"https:\/\/www.oneprod.com\/pt-br\/","logo":{"@type":"ImageObject","inLanguage":"pt-BR","@id":"https:\/\/www.oneprod.com\/pt-br\/#\/schema\/logo\/image\/","url":"https:\/\/www.oneprod.com\/wp-content\/uploads\/sites\/4\/2023\/11\/logo-acoem.svg","contentUrl":"https:\/\/www.oneprod.com\/wp-content\/uploads\/sites\/4\/2023\/11\/logo-acoem.svg","width":128,"height":30,"caption":"OneProd"},"image":{"@id":"https:\/\/www.oneprod.com\/pt-br\/#\/schema\/logo\/image\/"}}]}},"_links":{"self":[{"href":"https:\/\/www.oneprod.com\/pt-br\/wp-json\/wp\/v2\/pages\/341","targetHints":{"allow":["GET"]}}],"collection":[{"href":"https:\/\/www.oneprod.com\/pt-br\/wp-json\/wp\/v2\/pages"}],"about":[{"href":"https:\/\/www.oneprod.com\/pt-br\/wp-json\/wp\/v2\/types\/page"}],"author":[{"embeddable":true,"href":"https:\/\/www.oneprod.com\/pt-br\/wp-json\/wp\/v2\/users\/1"}],"replies":[{"embeddable":true,"href":"https:\/\/www.oneprod.com\/pt-br\/wp-json\/wp\/v2\/comments?post=341"}],"version-history":[{"count":12,"href":"https:\/\/www.oneprod.com\/pt-br\/wp-json\/wp\/v2\/pages\/341\/revisions"}],"predecessor-version":[{"id":406,"href":"https:\/\/www.oneprod.com\/pt-br\/wp-json\/wp\/v2\/pages\/341\/revisions\/406"}],"wp:attachment":[{"href":"https:\/\/www.oneprod.com\/pt-br\/wp-json\/wp\/v2\/media?parent=341"}],"curies":[{"name":"wp","href":"https:\/\/api.w.org\/{rel}","templated":true}]}}